{"id":6,"date":"2020-10-01T14:40:56","date_gmt":"2020-10-01T12:40:56","guid":{"rendered":"https:\/\/ecmekonomi.se\/one-page-express\/"},"modified":"2025-12-17T10:39:08","modified_gmt":"2025-12-17T09:39:08","slug":"one-page-express","status":"publish","type":"page","link":"https:\/\/ecmekonomi.se\/","title":{"rendered":"Front Page"},"content":{"rendered":"<figure class=\"wp-block-image size-large\"><\/figure>\n<div id=\"startsida\" class=\"features-coloured-icon-boxes-section\" style=\"background-color: #f6f6f6;\" data-label=\"Startsida\" data-id=\"stripped-coloured-icon-boxes\" data-category=\"overlapable\" data-overlap=\"true\">\n<div class=\"gridContainer\">\n<div class=\"features-coloured-icon-boxes-innerrow flexbox-list dark-text\" data-type=\"row\">\n<div class=\"features-coloured-icon-boxes-featurecol cp3cols\">\n<h4 class=\"\">\u00a0Rapporter och analys<\/h4>\n<p class=\"\">Det \u00e4r viktigt att ta fram tillf\u00f6rlitliga rapporter f\u00f6r att du ska kunna ta r\u00e4tt beslut f\u00f6r ditt f\u00f6retag. Jag hj\u00e4lper dig att ta fram de rapporter som \u00e4r viktiga f\u00f6r ditt f\u00f6retag och f\u00f6rklarar vad de visar.<\/p>\n\n<\/div>\n<div class=\"features-coloured-icon-boxes-featurecol cp3cols\">\n<h4 class=\"\">Momsdeklarationer<\/h4>\n<p class=\"\">Momsdeklarationer kan vara mycket att t\u00e4nka p\u00e5. Vi hj\u00e4lper dig g\u00e4rna s\u00e5 att det blir r\u00e4tt och momsen deklareras i tid. Det \u00e4r viktigt att ha koll p\u00e5 hur det fungerar.<\/p>\n\n<\/div>\n<div class=\"features-coloured-icon-boxes-featurecol cp3cols\">\n<h4 class=\"\">Bokslut och \u00c5rsredovisning<\/h4>\n<p class=\"\">Precis som momsdeklarationen kan boksluten vara lite knepiga. Givetvis hj\u00e4lper vi till \u00e4ven med det s\u00e5 att du f\u00e5r mer tid f\u00f6r din k\u00e4rnverksamhet. Vi har \u00e4ven vana vid \u00e5rsredovisning.<\/p>\n\n<\/div>\n<div class=\"features-coloured-icon-boxes-featurecol cp3cols\">\n<h4 class=\"\">L\u00f6pande redovisning och l\u00f6ner<\/h4>\n<p class=\"\">Den l\u00f6pande redovisningen \u00e4r den viktigaste, \u00e4ven h\u00e4r finns jag tillg\u00e4nglig att bist\u00e5 dig och din verksamhet s\u00e5 att det blir ordning och reda och att de lagar och regler som finns f\u00f6ljs! N\u00e4r det g\u00e4ller l\u00f6ner kan det vara m\u00e5nga regler att h\u00e5lla reda p\u00e5.<\/p>\n\n<\/div>\n<\/div>\n<\/div>\n<\/div>\n<div id=\"kontakt\" class=\"contact-section-formsection white-text\" data-label=\"kontakt\" data-id=\"contact-section\" data-category=\"contact\" data-bg=\"transparent\">\n<div class=\"gridContainer\">\n<div class=\"row_224\">\n<div class=\"contact-textrow\">\n<div class=\"contact-textcol dynamic-color\">\n<h2 class=\"\" style=\"text-align: left;\">H\u00f6r av dig om du vill veta mer eller f\u00e5 en offert!<\/h2>\n<p class=\"white_text\" style=\"text-align: left;\">Vi arbetar fr\u00e4mst med kunder i Sm\u00e5landsstenar Hyltebruk Torup Gislaved Falkenberg och Halmstad. Om ni inte vill ha personliga m\u00f6ten kan vi hj\u00e4lpa er var ni \u00e4n befinner er, v\u00e5rt ekonomisystem \u00e4r digitaliserat.<\/p>\n<p class=\"white_text\" style=\"text-align: left;\">Eva-Christin heter jag och min hund heter Olle.\nJag \u00e4r civilekonom och har \u00f6ver 30 \u00e5rs erfarenhet inom ekonomi. Erfarenhet 15 \u00e5r som ekonomichef, ekonomiansvarig eller controller och 14 \u00e5r som ekonomikonsult och 5 \u00e5r som redovisningsekonom\/controllerassistent. Erfarenhet av b\u00e5de sm\u00e5 och stora f\u00f6retag.<\/p>\nVi \u00e4r din lilla personliga redovisningsbyr\u00e5.\n<p style=\"text-align: left;\">Vi \u00f6nskar kunder som \u00e4r intresserade av att ha ordning och reda och f\u00e5 kontroll \u00f6ver sin ekonomi. Vi hj\u00e4lper er med bokf\u00f6ring, bokslut och deklaration. Du f\u00e5r rapporter som vi g\u00e5r igenom tillsammans. Du \u00e4r varmt v\u00e4lkommen att h\u00f6ra av dig. Det \u00e4r s\u00e5 roligt att kunna hj\u00e4lpa mina fina kunder med ekonomiarbetet.<\/p>\n\n<\/div>\n<\/div>\n<\/div>\n<div class=\"contact-formcol\" style=\"text-align: left;\" data-content-shortcode=\"one_page_express_contact_form shortcode=&quot;contact-form-7 id=&amp;amp;quot;26&amp;amp;quot; title=&amp;amp;quot;Namnlos&amp;amp;quot;&quot;\" data-editable=\"true\"><div role=\"form\" class=\"wpcf7\" id=\"wpcf7-f26-o1\" lang=\"sv-SE\" dir=\"ltr\">\n<div class=\"screen-reader-response\"><p role=\"status\" aria-live=\"polite\" aria-atomic=\"true\"><\/p> <ul><\/ul><\/div>\n<form action=\"\/index.php?rest_route=%2Fwp%2Fv2%2Fpages%2F6#wpcf7-f26-o1\" method=\"post\" class=\"wpcf7-form init\" novalidate=\"novalidate\" data-status=\"init\">\n<div style=\"display: none;\">\n<input type=\"hidden\" name=\"_wpcf7\" value=\"26\" \/>\n<input type=\"hidden\" name=\"_wpcf7_version\" value=\"5.4\" \/>\n<input type=\"hidden\" name=\"_wpcf7_locale\" value=\"sv_SE\" \/>\n<input type=\"hidden\" name=\"_wpcf7_unit_tag\" value=\"wpcf7-f26-o1\" \/>\n<input type=\"hidden\" name=\"_wpcf7_container_post\" value=\"0\" \/>\n<input type=\"hidden\" name=\"_wpcf7_posted_data_hash\" value=\"\" \/>\n<\/div>\n<p><label> Ditt namn (obligatorisk)<br \/>\n    <span class=\"wpcf7-form-control-wrap your-name\"><input type=\"text\" name=\"your-name\" value=\"\" size=\"40\" class=\"wpcf7-form-control wpcf7-text wpcf7-validates-as-required\" aria-required=\"true\" aria-invalid=\"false\" \/><\/span> <\/label><\/p>\n<p><label> Din e-post (obligatorisk)<br \/>\n    <span class=\"wpcf7-form-control-wrap your-email\"><input type=\"email\" name=\"your-email\" value=\"\" size=\"40\" class=\"wpcf7-form-control wpcf7-text wpcf7-email wpcf7-validates-as-required wpcf7-validates-as-email\" aria-required=\"true\" aria-invalid=\"false\" \/><\/span> <\/label><\/p>\n<p><label> \u00c4mne<br \/>\n    <span class=\"wpcf7-form-control-wrap your-subject\"><input type=\"text\" name=\"your-subject\" value=\"\" size=\"40\" class=\"wpcf7-form-control wpcf7-text\" aria-invalid=\"false\" \/><\/span> <\/label><\/p>\n<p><label> Ditt meddelande<br \/>\n    <span class=\"wpcf7-form-control-wrap your-message\"><textarea name=\"your-message\" cols=\"40\" rows=\"10\" class=\"wpcf7-form-control wpcf7-textarea\" aria-invalid=\"false\"><\/textarea><\/span> <\/label><\/p>\n<p><input type=\"submit\" value=\"Skicka\" class=\"wpcf7-form-control wpcf7-submit\" \/><\/p>\n<div class=\"wpcf7-response-output\" aria-hidden=\"true\"><\/div><\/form><\/div><\/div>\n<\/div>\n<\/div>\n<div id=\"om-ecm\" class=\"about-big-images-section\" style=\"background-color: #f6f6f6;\" data-label=\"Om ECM\" data-id=\"about-big-images-section\" data-category=\"about\">\n<div class=\"\">\n<div class=\"about-big-images-textrow\">\n<div class=\"about-big-images-textcol dynamic-color\" data-type=\"column\">\n<h5 class=\"\">Redovisning som ger ordning och reda i bokf\u00f6ringen.\nInga \u00f6verraskningar! Du f\u00e5r m\u00e5nadsfakturor med samma belopp!<\/h5>\n<h3 class=\"\">Bor du i Halland eller Sm\u00e5land runt Gislaved eller Hyltebruk?<\/h3>\n<p class=\"\">Jag erbjuder olika paket och skr\u00e4ddarsyr din l\u00f6sning. Om du bor runt Gislaved eller runt Hyltebruk finns jag n\u00e4ra till hands och hj\u00e4lper dig med allt , eller delar av ditt f\u00f6retags ekonomiarbete.<\/p>\n<p class=\"\">Du f\u00e5r en f\u00f6rst\u00e5else f\u00f6r ekonomin i ditt f\u00f6retag.<\/p>\n<p class=\"\">Vi hj\u00e4lper dig med l\u00f6pande bokf\u00f6ring, bokslut och deklaration. Vi \u00e4r ocks\u00e5 vana vid att arbeta med l\u00f6n och arbetsgivardeklarationer. Det \u00e4r viktigt att momsdeklarationen blir klar i tid, jag hj\u00e4lper dig med det ocks\u00e5. Rapporterna g\u00e5r vi igenom tillsammans och vi ger dig ekonomisk r\u00e5dgivning. Vi hj\u00e4lper dig att f\u00e5 helhetsl\u00f6sning och \u00e4r vana vid att implementera lagersystem och byte av aff\u00e4rssystem.<\/p>\n<p class=\"\">Du kan enkelt anv\u00e4nda faktureringsprogrammet som finns eller s\u00e5 \u00f6verl\u00e5ter du det till oss. Du beh\u00f6ver inte l\u00e4mna papperskopior utan kan enkelt med hj\u00e4lp av mobilen scanna kvitton och fakturor eller f\u00e5 fakturor mailat till scanningprogram.<\/p>\n<p class=\"\">Det \u00e4r inte alla f\u00f6retag som beh\u00f6ver revisor vi hj\u00e4lper dig g\u00e4rna med din \u00e5rsbokslut och deklaration om du befinner dig i n\u00e4rheten av Hyltebruk Halmstad Sm\u00e5landsstenar eller i Gislaved \u00e4r du n\u00e4ra oss. Du beh\u00f6ver dock inte befinna dig i n\u00e4rheten f\u00f6r att vi ska kunna hj\u00e4lpa dig. V\u00e5rt ekonomisystem \u00e4r digitaliserat och vi kan bokf\u00f6ra efter att du har fotat kvitto med hj\u00e4lp av app i mobilen.<\/p>\n<p class=\"\">ECM Ekonomikonsult hj\u00e4lper dig med l\u00f6pande redovisning, bokslut och deklaration i Sm\u00e5landsstenar, Hyltebruk eller Gislaved.<\/p>\n\n<\/div>\n<\/div>\n<\/div>\n<\/div>\n<div id=\"medbokforing\" class=\"content-left-image-section\" style=\"background-color: #ffffff;\" data-label=\"medbokforing\" data-id=\"content-image-left\" data-category=\"content\">\n<div class=\"gridContainer\">\n<div class=\"row\">\n<div class=\"content-left-image-textcol dynamic-color\" data-type=\"column\">\n<p class=\"\">V\u00e5r m\u00e5ls\u00e4ttning \u00e4r att ni ska ha<b class=\"\"> ordning och reda<\/b> p\u00e5<b class=\"\"> ekonomin <\/b>och k\u00e4nna en trygghet i att vi\/ni har koll p\u00e5 <b class=\"\">alla era siffror <\/b>\u2013 det \u00e4r helt avg\u00f6rande f\u00f6r att du ska kunna fatta goda beslut inf\u00f6r framtiden och utveckla f\u00f6retaget i r\u00e4tt riktning. Det ska vara <b class=\"\">enkelt f\u00f6r dig<\/b> att ha kontroll p\u00e5 <b class=\"\">verksamheten<\/b>.<\/p>\n\n<h4 class=\"\">V\u00e5rt ekonomisystem erbjuder en s\u00e4ker l\u00f6sning och \u00e4r digitaliserat. Vi kan sk\u00f6ta allt online.<\/h4>\n<p class=\"\">Vi tr\u00e4ffar dig g\u00e4rna p\u00e5 telefon eller digitalt om du inte vill ha fysisk tr\u00e4ff p\u00e5 v\u00e5rt kontor i Sm\u00e5landsstenar eller i lokal i Hyltebruk eller p\u00e5 ditt kontor.<\/p>\n\n<\/div>\n<\/div>\n<\/div>\n<\/div>\n<div id=\"gorabokforingsjalv\" class=\"content-right-image-section\" style=\"background-color: #f6f6f6;\" data-label=\"gorabokforingsjalv\" data-id=\"content-image-right\" data-category=\"content\">\n<div class=\"gridContainer\">\n<div class=\"content-right-image-gridcol\">\n<div class=\"content-right-image-textcol dynamic-color\" data-type=\"column\">\n<h4 class=\"\">Om du har kunskap inom ekonomi och vill sk\u00f6ta bokf\u00f6ringen sj\u00e4lv?<\/h4>\n<p class=\"large_text\">Vi arbetar \u00e4ven som r\u00e5dgivare och assisterar dig om du vill helt eller delvis bokf\u00f6ra sj\u00e4lv!<\/p>\n<p class=\"\">Avst\u00e4mningsm\u00f6ten av din l\u00f6pande bokf\u00f6ring, telefonsupport, bokslut och deklaration.<\/p>\n<p class=\"\">F\u00f6r att kunna starta bokf\u00f6ring sj\u00e4lv g\u00e5r vi tillsammans igenom hur det ser ut i ditt f\u00f6retag och l\u00e4gger upp hur vi ska arbeta. Vi digitaliserar hanteringen f\u00f6r ditt f\u00f6retags ekonomiarbete och arbetar i ett webbaserat program, d\u00e4r b\u00e5de ni och vi kan anv\u00e4nda programmet.<\/p>\n\n<\/div>\n<\/div>\n<\/div>\n<\/div>\n<div id=\"cta\" class=\"cta-blue-section\" data-label=\"CTA\" data-id=\"cta-blue-section\" data-category=\"cta\">\n<div class=\"gridContainer\">\n<div class=\"flexbox-list flexbox-list-align-center row\">\n<div class=\"cta-blue-textcol dynamic-color\">\n<h2 class=\"cta-blue-text\"><b class=\"element2\"> V\u00e4nta inte tills sista sekund. <\/b><span class=\"element2\">F\u00e5 hj\u00e4lp med din ekonomin, redan nu!<\/span><\/h2>\n<\/div>\n<div class=\"cta-blue-btncol\"><a class=\"button big yellow dark-text\" href=\"#kontakt\" target=\"_self\" rel=\"noopener noreferrer\"> Nu k\u00f6r vi! <\/a><\/div>\n<\/div>\n<\/div>\n<\/div>\n<div id=\"senaste\" class=\"blog-section\" style=\"background-color: #ffffff;\" data-label=\"Senaste\" data-id=\"blog-section\" data-category=\"latest_news\">\n<div class=\"gridContainer\">\n<div class=\"blog-textrow\">\n<div class=\"blog-textcol dynamic-color\" data-type=\"column\">\n<h2 class=\"\">Senaste nyheterna.<\/h2>\n<p class=\"\">\u00c4r du intresserad av att h\u00f6ra vad som sker i min verksamhet? Ta dig g\u00e4rna tiden och l\u00e4s lite h\u00e4r nere!<\/p>\n\n<\/div>\n<\/div>\n<div class=\"blog-postsrow dark-text\" data-type=\"row\" data-dynamic-columns=\"one_page_express_latest_news_columns\" data-content-shortcode=\"one_page_express_latest_news\">            <div id=\"post-274\" class=\"blog-postcol cp4cols\">\r\n            <div class=\"post-content\">\r\n                                <div class=\"row_345\">\r\n                    <h3 class=\"blog-title\">\r\n                        <a href=\"https:\/\/ecmekonomi.se\/?p=274\" rel=\"bookmark\">\r\n                            Deklarationsdags!                        <\/a>\r\n                    <\/h3>\r\n                    <p>Det dagliga arbetet best\u00e5r nu till stor del av deklarationsarbete. \u00c4ven l\u00f6pande redovisning och bokslut!Beh\u00f6ver du hj\u00e4lp med analys eller f\u00e5 ordning p\u00e5 ditt lager s\u00e5 finns vi tillhands och[&hellip;]<\/p>\n                    <a class=\"button blue small\" href=\"https:\/\/ecmekonomi.se\/?p=274\">\r\n                        <span data-theme=\"one_page_express_latest_news_read_more\">Read more<\/span>\r\n                    <\/a>\r\n                    <hr class=\"blog-separator\">\n<div class=\"post-header\">\n    <i class=\"font-icon-post fa fa-user\"><\/i>\n    <a href=\"https:\/\/ecmekonomi.se\/?author=1\" title=\"Inl\u00e4gg av EvaChristin\" rel=\"author\">EvaChristin<\/a>    <i class=\"font-icon-post fa fa-calendar\"><\/i>\n    <span class=\"span12\">13 mars, 2025<\/span>\n\n    <i class=\"font-icon-post fa fa-comment-o\"><\/i>\n    <span>0<\/span>\n<\/div>                <\/div>\r\n            <\/div>\r\n        <\/div>\r\n                <div id=\"post-268\" class=\"blog-postcol cp4cols\">\r\n            <div class=\"post-content\">\r\n                                <div class=\"row_345\">\r\n                    <h3 class=\"blog-title\">\r\n                        <a href=\"https:\/\/ecmekonomi.se\/?p=268\" rel=\"bookmark\">\r\n                            I torsdags kundm\u00f6te. Genomg\u00e5ng av \u00e5rsredovisning och digital inl\u00e4mning till bolagsverket.                        <\/a>\r\n                    <\/h3>\r\n                    <p>I torsdag var det kundm\u00f6te med fika och genomg\u00e5ng av \u00e5rsredovisning och digital inl\u00e4mning till Bolagsverket. Alltid trevligt att tr\u00e4ffa mina kunder, trots att det g\u00e5r att ha digitala m\u00f6ten[&hellip;]<\/p>\n                    <a class=\"button blue small\" href=\"https:\/\/ecmekonomi.se\/?p=268\">\r\n                        <span data-theme=\"one_page_express_latest_news_read_more\">Read more<\/span>\r\n                    <\/a>\r\n                    <hr class=\"blog-separator\">\n<div class=\"post-header\">\n    <i class=\"font-icon-post fa fa-user\"><\/i>\n    <a href=\"https:\/\/ecmekonomi.se\/?author=1\" title=\"Inl\u00e4gg av EvaChristin\" rel=\"author\">EvaChristin<\/a>    <i class=\"font-icon-post fa fa-calendar\"><\/i>\n    <span class=\"span12\">26 november, 2023<\/span>\n\n    <i class=\"font-icon-post fa fa-comment-o\"><\/i>\n    <span>0<\/span>\n<\/div>                <\/div>\r\n            <\/div>\r\n        <\/div>\r\n                <div id=\"post-234\" class=\"blog-postcol cp4cols\">\r\n            <div class=\"post-content\">\r\n                                <div class=\"row_345\">\r\n                    <h3 class=\"blog-title\">\r\n                        <a href=\"https:\/\/ecmekonomi.se\/?p=234\" rel=\"bookmark\">\r\n                            ECM Ekonomikonsult hj\u00e4lper byggf\u00f6retag i Torup                        <\/a>\r\n                    <\/h3>\r\n                    <p>R\u00e5dgivning och l\u00f6pande redovisning, bokslut och deklaration. Vill du ocks\u00e5 ha hj\u00e4lp s\u00e5 kontakta oss p\u00e5 info@ecmekonomi.se<\/p>\n                    <a class=\"button blue small\" href=\"https:\/\/ecmekonomi.se\/?p=234\">\r\n                        <span data-theme=\"one_page_express_latest_news_read_more\">Read more<\/span>\r\n                    <\/a>\r\n                    <hr class=\"blog-separator\">\n<div class=\"post-header\">\n    <i class=\"font-icon-post fa fa-user\"><\/i>\n    <a href=\"https:\/\/ecmekonomi.se\/?author=1\" title=\"Inl\u00e4gg av EvaChristin\" rel=\"author\">EvaChristin<\/a>    <i class=\"font-icon-post fa fa-calendar\"><\/i>\n    <span class=\"span12\">15 januari, 2023<\/span>\n\n    <i class=\"font-icon-post fa fa-comment-o\"><\/i>\n    <span>0<\/span>\n<\/div>                <\/div>\r\n            <\/div>\r\n        <\/div>\r\n        <\/div>\n<div data-type=\"row\" data-dynamic-columns=\"one_page_express_latest_news_columns\" data-content-shortcode=\"one_page_express_latest_news\"><\/div>\n<div class=\"blog-textcol\"><a class=\"button blue\" href=\"https:\/\/ecmekonomi.se\/?page_id=7\" data-attr-shortcode=\"href:one_page_express_blog_link\" data-wplink-edit=\"true\">L\u00e4s alla inl\u00e4gg h\u00e4r<\/a><\/div>\n<\/div>\n<\/div>","protected":false},"excerpt":{"rendered":"<p>\u00a0Rapporter och analys Det \u00e4r viktigt att ta fram tillf\u00f6rlitliga rapporter f\u00f6r att du ska kunna ta r\u00e4tt beslut f\u00f6r ditt f\u00f6retag. Jag hj\u00e4lper dig att ta fram de rapporter som \u00e4r viktiga f\u00f6r ditt f\u00f6retag och f\u00f6rklarar vad de visar. Momsdeklarationer Momsdeklarationer kan vara mycket att t\u00e4nka p\u00e5. Vi hj\u00e4lper dig g\u00e4rna s\u00e5 att&hellip; <br \/> <a class=\"button small blue\" href=\"https:\/\/ecmekonomi.se\/?p=234\">L\u00e4s mer<\/a><\/p>\n","protected":false},"author":1,"featured_media":244,"parent":7,"menu_order":0,"comment_status":"closed","ping_status":"closed","template":"","meta":[],"_links":{"self":[{"href":"https:\/\/ecmekonomi.se\/index.php?rest_route=\/wp\/v2\/pages\/6"}],"collection":[{"href":"https:\/\/ecmekonomi.se\/index.php?rest_route=\/wp\/v2\/pages"}],"about":[{"href":"https:\/\/ecmekonomi.se\/index.php?rest_route=\/wp\/v2\/types\/page"}],"author":[{"embeddable":true,"href":"https:\/\/ecmekonomi.se\/index.php?rest_route=\/wp\/v2\/users\/1"}],"replies":[{"embeddable":true,"href":"https:\/\/ecmekonomi.se\/index.php?rest_route=%2Fwp%2Fv2%2Fcomments&post=6"}],"version-history":[{"count":64,"href":"https:\/\/ecmekonomi.se\/index.php?rest_route=\/wp\/v2\/pages\/6\/revisions"}],"predecessor-version":[{"id":287,"href":"https:\/\/ecmekonomi.se\/index.php?rest_route=\/wp\/v2\/pages\/6\/revisions\/287"}],"up":[{"embeddable":true,"href":"https:\/\/ecmekonomi.se\/index.php?rest_route=\/wp\/v2\/pages\/7"}],"wp:featuredmedia":[{"embeddable":true,"href":"https:\/\/ecmekonomi.se\/index.php?rest_route=\/wp\/v2\/media\/244"}],"wp:attachment":[{"href":"https:\/\/ecmekonomi.se\/index.php?rest_route=%2Fwp%2Fv2%2Fmedia&parent=6"}],"curies":[{"name":"wp","href":"https:\/\/api.w.org\/{rel}","templated":true}]}}